{"id":1076,"date":"2021-02-19T17:52:38","date_gmt":"2021-02-19T17:52:38","guid":{"rendered":"https:\/\/cuscoprivatetransport.com\/nosotros\/"},"modified":"2025-07-20T17:52:34","modified_gmt":"2025-07-20T22:52:34","slug":"nosotros","status":"publish","type":"page","link":"https:\/\/cuscoprivatetransport.com\/es\/nosotros\/","title":{"rendered":"Nosotros"},"content":{"rendered":"\t\t<div data-elementor-type=\"wp-page\" data-elementor-id=\"1076\" class=\"elementor elementor-1076 elementor-381\" data-elementor-post-type=\"page\">\n\t\t\t\t\t\t<section class=\"elementor-section elementor-top-section elementor-element elementor-element-8d1aa40 elementor-section-boxed elementor-section-height-default elementor-section-height-default\" data-id=\"8d1aa40\" data-element_type=\"section\" data-e-type=\"section\">\n\t\t\t\t\t\t<div class=\"elementor-container elementor-column-gap-default\">\n\t\t\t\t\t<div class=\"elementor-column elementor-col-100 elementor-top-column elementor-element elementor-element-803c0d4\" data-id=\"803c0d4\" data-element_type=\"column\" data-e-type=\"column\">\n\t\t\t<div class=\"elementor-widget-wrap elementor-element-populated\">\n\t\t\t\t\t\t<div class=\"elementor-element elementor-element-a898360 elementor-widget elementor-widget-global elementor-global-832 elementor-widget-heading\" data-id=\"a898360\" data-element_type=\"widget\" data-e-type=\"widget\" data-widget_type=\"heading.default\">\n\t\t\t\t<div class=\"elementor-widget-container\">\n\t\t\t\t\t<h1 class=\"elementor-heading-title elementor-size-default\">Nosotros<\/h1>\t\t\t\t<\/div>\n\t\t\t\t<\/div>\n\t\t\t\t\t<\/div>\n\t\t<\/div>\n\t\t\t\t\t<\/div>\n\t\t<\/section>\n\t\t\t\t<section class=\"elementor-section elementor-top-section elementor-element elementor-element-bdfc0e3 elementor-section-boxed elementor-section-height-default elementor-section-height-default\" data-id=\"bdfc0e3\" data-element_type=\"section\" data-e-type=\"section\">\n\t\t\t\t\t\t<div class=\"elementor-container elementor-column-gap-default\">\n\t\t\t\t\t<div class=\"elementor-column elementor-col-50 elementor-top-column elementor-element elementor-element-5833315\" data-id=\"5833315\" data-element_type=\"column\" data-e-type=\"column\">\n\t\t\t<div class=\"elementor-widget-wrap elementor-element-populated\">\n\t\t\t\t\t\t<div class=\"elementor-element elementor-element-cf38f38 elementor-widget elementor-widget-text-editor\" data-id=\"cf38f38\" data-element_type=\"widget\" data-e-type=\"widget\" data-widget_type=\"text-editor.default\">\n\t\t\t\t<div class=\"elementor-widget-container\">\n\t\t\t\t\t\t\t\t\t<p><strong>Hilario Mamani<\/strong> es un hombre perseverante, dedicado y so\u00f1ador. Durante m\u00e1s de 10 a\u00f1os, trabaj\u00f3 como conductor para diversas agencias de viajes en Cusco, destac\u00e1ndose siempre por su amabilidad, empat\u00eda y genuina atenci\u00f3n a cada viajero.<\/p><p>Inspirado por las palabras de muchos viajeros que reconocieron su pasi\u00f3n y compromiso, Hilario decidi\u00f3 crear algo propio. As\u00ed naci\u00f3 <strong>Cusco Private Transport<\/strong>, una empresa basada en el trabajo duro, la honestidad y el deseo de ofrecer a los visitantes una experiencia verdaderamente personalizada e inolvidable.<\/p><p>Para Hilario, cada viaje es una oportunidad para conectar a las personas con la magia del Per\u00fa. Trata a cada hu\u00e9sped no solo como un cliente, sino como un amigo que merece sentirse seguro, c\u00f3modo e inspirado durante su estancia en Cusco.<\/p><p><strong>MISION<\/strong><br \/>Ser parte de la historia de cada viajero, brind\u00e1ndole un servicio de transporte personalizado, seguro y c\u00f3modo, siempre con confianza, puntualidad y atenci\u00f3n.<\/p><p><strong>VISION<\/strong><br \/>Convertirnos en una empresa l\u00edder de transporte local en Cusco, comprometida con la excelencia, la sostenibilidad y el respeto por nuestra cultura, con el apoyo continuo de nuestros valiosos clientes.<\/p>\t\t\t\t\t\t\t\t<\/div>\n\t\t\t\t<\/div>\n\t\t\t\t\t<\/div>\n\t\t<\/div>\n\t\t\t\t<div class=\"elementor-column elementor-col-50 elementor-top-column elementor-element elementor-element-ceedf0a\" data-id=\"ceedf0a\" data-element_type=\"column\" data-e-type=\"column\">\n\t\t\t<div class=\"elementor-widget-wrap elementor-element-populated\">\n\t\t\t\t\t\t<div class=\"elementor-element elementor-element-4bdeca9 elementor-widget elementor-widget-image\" data-id=\"4bdeca9\" data-element_type=\"widget\" data-e-type=\"widget\" data-widget_type=\"image.default\">\n\t\t\t\t<div class=\"elementor-widget-container\">\n\t\t\t\t\t\t\t\t\t\t\t\t\t\t\t<img fetchpriority=\"high\" decoding=\"async\" width=\"800\" height=\"600\" src=\"https:\/\/cuscoprivatetransport.com\/wp-content\/uploads\/2021\/02\/cusco-private-transport-hilario-1024x768.jpg\" class=\"attachment-large size-large wp-image-1003\" alt=\"\" srcset=\"https:\/\/cuscoprivatetransport.com\/wp-content\/uploads\/2021\/02\/cusco-private-transport-hilario-1024x768.jpg 1024w, https:\/\/cuscoprivatetransport.com\/wp-content\/uploads\/2021\/02\/cusco-private-transport-hilario-427x320.jpg 427w, https:\/\/cuscoprivatetransport.com\/wp-content\/uploads\/2021\/02\/cusco-private-transport-hilario-768x576.jpg 768w, https:\/\/cuscoprivatetransport.com\/wp-content\/uploads\/2021\/02\/cusco-private-transport-hilario.jpg 1280w\" sizes=\"(max-width: 800px) 100vw, 800px\" \/>\t\t\t\t\t\t\t\t\t\t\t\t\t\t\t<\/div>\n\t\t\t\t<\/div>\n\t\t\t\t\t<\/div>\n\t\t<\/div>\n\t\t\t\t\t<\/div>\n\t\t<\/section>\n\t\t\t\t<\/div>\n\t\t","protected":false},"excerpt":{"rendered":"<p>Hilario Mamani es un hombre perseverante, dedicado y so\u00f1ador. Durante m\u00e1s de 10 a\u00f1os, trabaj\u00f3 como conductor para diversas agencias de viajes en Cusco, destac\u00e1ndose siempre por su amabilidad, empat\u00eda y genuina atenci\u00f3n a cada viajero. Inspirado por las palabras de muchos viajeros que reconocieron su pasi\u00f3n y compromiso, Hilario decidi\u00f3 crear algo propio. As\u00ed [&hellip;]<\/p>\n","protected":false},"author":1,"featured_media":0,"parent":0,"menu_order":0,"comment_status":"closed","ping_status":"closed","template":"","meta":{"footnotes":""},"class_list":["post-1076","page","type-page","status-publish","hentry"],"_links":{"self":[{"href":"https:\/\/cuscoprivatetransport.com\/es\/wp-json\/wp\/v2\/pages\/1076","targetHints":{"allow":["GET"]}}],"collection":[{"href":"https:\/\/cuscoprivatetransport.com\/es\/wp-json\/wp\/v2\/pages"}],"about":[{"href":"https:\/\/cuscoprivatetransport.com\/es\/wp-json\/wp\/v2\/types\/page"}],"author":[{"embeddable":true,"href":"https:\/\/cuscoprivatetransport.com\/es\/wp-json\/wp\/v2\/users\/1"}],"replies":[{"embeddable":true,"href":"https:\/\/cuscoprivatetransport.com\/es\/wp-json\/wp\/v2\/comments?post=1076"}],"version-history":[{"count":3,"href":"https:\/\/cuscoprivatetransport.com\/es\/wp-json\/wp\/v2\/pages\/1076\/revisions"}],"predecessor-version":[{"id":1884,"href":"https:\/\/cuscoprivatetransport.com\/es\/wp-json\/wp\/v2\/pages\/1076\/revisions\/1884"}],"wp:attachment":[{"href":"https:\/\/cuscoprivatetransport.com\/es\/wp-json\/wp\/v2\/media?parent=1076"}],"curies":[{"name":"wp","href":"https:\/\/api.w.org\/{rel}","templated":true}]}}